{"id":36,"date":"2026-01-26T15:24:13","date_gmt":"2026-01-26T15:24:13","guid":{"rendered":"https:\/\/skarfavik.is\/?page_id=36"},"modified":"2026-01-27T15:37:44","modified_gmt":"2026-01-27T15:37:44","slug":"skarfavik","status":"publish","type":"page","link":"https:\/\/skarfavik.is\/","title":{"rendered":"skarfavik"},"content":{"rendered":"\t\t<div data-elementor-type=\"wp-page\" data-elementor-id=\"36\" class=\"elementor elementor-36\">\n\t\t\t\t<div class=\"elementor-element elementor-element-b66bce8 e-flex e-con-boxed e-con e-parent\" data-id=\"b66bce8\" data-element_type=\"container\" data-settings=\"{&quot;background_background&quot;:&quot;classic&quot;}\">\n\t\t\t\t\t<div class=\"e-con-inner\">\n\t\t\t\t<div class=\"elementor-element elementor-element-d5bff90 elementor-widget elementor-widget-image\" data-id=\"d5bff90\" data-element_type=\"widget\" data-widget_type=\"image.default\">\n\t\t\t\t\t\t\t\t\t\t\t\t\t\t\t<img fetchpriority=\"high\" decoding=\"async\" width=\"600\" height=\"223\" src=\"https:\/\/skarfavik.is\/wp-content\/uploads\/2026\/01\/skarfa_logo.png\" class=\"attachment-large size-large wp-image-18\" alt=\"\" srcset=\"https:\/\/skarfavik.is\/wp-content\/uploads\/2026\/01\/skarfa_logo.png 600w, https:\/\/skarfavik.is\/wp-content\/uploads\/2026\/01\/skarfa_logo-300x112.png 300w\" sizes=\"(max-width: 600px) 100vw, 600px\" \/>\t\t\t\t\t\t\t\t\t\t\t\t\t\t\t<\/div>\n\t\t\t\t\t<\/div>\n\t\t\t\t<\/div>\n\t\t<div class=\"elementor-element elementor-element-f2b9c8d e-flex e-con-boxed e-con e-parent\" data-id=\"f2b9c8d\" data-element_type=\"container\">\n\t\t\t\t\t<div class=\"e-con-inner\">\n\t\t<div class=\"elementor-element elementor-element-949bc7c e-con-full e-flex e-con e-child\" data-id=\"949bc7c\" data-element_type=\"container\">\n\t\t\t\t<div class=\"elementor-element elementor-element-622db0b elementor-widget elementor-widget-image\" data-id=\"622db0b\" data-element_type=\"widget\" data-widget_type=\"image.default\">\n\t\t\t\t\t\t\t\t\t\t\t\t\t\t\t<img decoding=\"async\" width=\"471\" height=\"314\" src=\"https:\/\/skarfavik.is\/wp-content\/uploads\/2026\/01\/bolli-1.png\" class=\"attachment-large size-large wp-image-20\" alt=\"\" srcset=\"https:\/\/skarfavik.is\/wp-content\/uploads\/2026\/01\/bolli-1.png 471w, https:\/\/skarfavik.is\/wp-content\/uploads\/2026\/01\/bolli-1-300x200.png 300w\" sizes=\"(max-width: 471px) 100vw, 471px\" \/>\t\t\t\t\t\t\t\t\t\t\t\t\t\t\t<\/div>\n\t\t\t\t<\/div>\n\t\t<div class=\"elementor-element elementor-element-7652702 e-con-full e-flex e-con e-child\" data-id=\"7652702\" data-element_type=\"container\">\n\t\t\t\t<div class=\"elementor-element elementor-element-86aa7d9 elementor-widget elementor-widget-text-editor\" data-id=\"86aa7d9\" data-element_type=\"widget\" data-widget_type=\"text-editor.default\">\n\t\t\t\t\t\t\t\t\t<p>Bolli Valgar\u00f0sson hefur starfa\u00f0 vi\u00f0 almannatengsl og uppl\u00fdsingar\u00e1\u00f0gj\u00f6f \u00ed n\u00e1lega \u00ferj\u00e1 \u00e1ratugi, lengst af hj\u00e1 KOM \u2013 kynningu og marka\u00f0i, \u00fear sem hann h\u00f3f st\u00f6rf me\u00f0 J\u00f3ni H\u00e1koni Magn\u00fassyni eiganda f\u00e9lagsins \u00ed jan\u00faarbyrjun 1992 a\u00f0 loknu n\u00e1mi vi\u00f0 H\u00cd. Bolli h\u00f3f rekstur Skarfav\u00edkur &#8211; almannatengsla og r\u00e1\u00f0gjafar \u00ed septemberbyrjun 2025.<\/p>\t\t\t\t\t\t\t\t<\/div>\n\t\t\t\t<\/div>\n\t\t\t\t\t<\/div>\n\t\t\t\t<\/div>\n\t\t<div class=\"elementor-element elementor-element-517f556 e-flex e-con-boxed e-con e-parent\" data-id=\"517f556\" data-element_type=\"container\">\n\t\t\t\t\t<div class=\"e-con-inner\">\n\t\t\t\t<div class=\"elementor-element elementor-element-af433a0 elementor-widget elementor-widget-heading\" data-id=\"af433a0\" data-element_type=\"widget\" data-widget_type=\"heading.default\">\n\t\t\t\t\t<h2 class=\"elementor-heading-title elementor-size-default\">\u00dej\u00f3nusta<\/h2>\t\t\t\t<\/div>\n\t\t\t\t\t<\/div>\n\t\t\t\t<\/div>\n\t\t<div class=\"elementor-element elementor-element-76fbb98 e-flex e-con-boxed e-con e-parent\" data-id=\"76fbb98\" data-element_type=\"container\">\n\t\t\t\t\t<div class=\"e-con-inner\">\n\t\t<div class=\"elementor-element elementor-element-1f45ce0 e-con-full e-flex e-con e-child\" data-id=\"1f45ce0\" data-element_type=\"container\">\n\t\t\t\t<div class=\"elementor-element elementor-element-eac1f1c elementor-widget elementor-widget-text-editor\" data-id=\"eac1f1c\" data-element_type=\"widget\" data-widget_type=\"text-editor.default\">\n\t\t\t\t\t\t\t\t\t<h3><strong>Hagsmunag\u00e6sla<\/strong><\/h3><p>Hagsmunag\u00e6sla me\u00f0 v\u00f6ktun fj\u00f6lmi\u00f0la og r\u00fdni umr\u00e6\u00f0u sem snerta hagsmuni vi\u00f0skiptavina.<\/p>\t\t\t\t\t\t\t\t<\/div>\n\t\t\t\t<div class=\"elementor-element elementor-element-20b0ade elementor-widget elementor-widget-text-editor\" data-id=\"20b0ade\" data-element_type=\"widget\" data-widget_type=\"text-editor.default\">\n\t\t\t\t\t\t\t\t\t<h3><strong>R\u00e1\u00f0gj\u00f6f<\/strong><\/h3><p>R\u00e1\u00f0gj\u00f6f vegna samskipta vi\u00f0 stj\u00f3rns\u00fdslu.<\/p><p>R\u00e1\u00f0gj\u00f6f \u00ed kr\u00edsum og kr\u00edsustj\u00f3rnun.<\/p><p>R\u00e1\u00f0gj\u00f6f \u00e1 svi\u00f0i \u00edmyndarm\u00e1la (uppbygging og vi\u00f0hald)<\/p>\t\t\t\t\t\t\t\t<\/div>\n\t\t\t\t<div class=\"elementor-element elementor-element-07f19da elementor-widget elementor-widget-text-editor\" data-id=\"07f19da\" data-element_type=\"widget\" data-widget_type=\"text-editor.default\">\n\t\t\t\t\t\t\t\t\t<h3><strong>\u00dats\u00fdnis-og\u00a0<\/strong><strong>vettvangsfer\u00f0ir<\/strong><\/h3><p>\u00dats\u00fdnis- og vettvangsfer\u00f0ir me\u00f0 samstarfsa\u00f0ila vi\u00f0skiptavina (einkab\u00edll e\u00f0a r\u00fata).<\/p>\t\t\t\t\t\t\t\t<\/div>\n\t\t\t\t<\/div>\n\t\t<div class=\"elementor-element elementor-element-d65b5ea e-con-full e-flex e-con e-child\" data-id=\"d65b5ea\" data-element_type=\"container\">\n\t\t\t\t<div class=\"elementor-element elementor-element-afe76b4 elementor-widget elementor-widget-text-editor\" data-id=\"afe76b4\" data-element_type=\"widget\" data-widget_type=\"text-editor.default\">\n\t\t\t\t\t\t\t\t\t<h3><strong>Samskipti<\/strong><\/h3><p>Samskipti vi\u00f0 bla\u00f0a- og fr\u00e9ttamenn og eftir atvikum \u00fe\u00e1ttastj\u00f3rnendur.<\/p>\t\t\t\t\t\t\t\t<\/div>\n\t\t\t\t<div class=\"elementor-element elementor-element-31a9e8e elementor-widget elementor-widget-text-editor\" data-id=\"31a9e8e\" data-element_type=\"widget\" data-widget_type=\"text-editor.default\">\n\t\t\t\t\t\t\t\t\t<h3><strong>Umsj\u00f3n<\/strong><\/h3><p>Umsj\u00f3n m\/prenta\u00f0ri \u00fatg\u00e1fu bla\u00f0a og t\u00edmarita, \u00fe.\u00e1.m. samskipti og ger\u00f0 samninga vi\u00f0 umbrotsa\u00f0ila, lj\u00f3smyndara, augl\u00fdsingastofur og prentsmi\u00f0jur.<\/p>\t\t\t\t\t\t\t\t<\/div>\n\t\t\t\t<div class=\"elementor-element elementor-element-2a46896 elementor-widget elementor-widget-text-editor\" data-id=\"2a46896\" data-element_type=\"widget\" data-widget_type=\"text-editor.default\">\n\t\t\t\t\t\t\t\t\t<h3><strong>Yfirlestur<\/strong><\/h3><p>Yfirlestur texta fyrir \u00fatg\u00e1fur, s.s. \u00e1rs- og \u00e1fangask\u00fdrslur.<\/p>\t\t\t\t\t\t\t\t<\/div>\n\t\t\t\t<\/div>\n\t\t<div class=\"elementor-element elementor-element-370d797 e-con-full e-flex e-con e-child\" data-id=\"370d797\" data-element_type=\"container\">\n\t\t\t\t<div class=\"elementor-element elementor-element-961a8c0 elementor-widget elementor-widget-text-editor\" data-id=\"961a8c0\" data-element_type=\"widget\" data-widget_type=\"text-editor.default\">\n\t\t\t\t\t\t\t\t\t<h3><strong>Fr\u00e9ttatilkynningar,\u00a0 \u00a0 \u00a0 \u00a0 <\/strong><strong>greinar ofl.<\/strong><\/h3><p>A\u00f0sto\u00f0 vi\u00f0 samningu fr\u00e9ttatilkynninga, erindisbr\u00e9fa og yfirl\u00fdsinga til fj\u00f6lmi\u00f0la e\u00f0a opinberra eftirlitsstofnana.<\/p><p>A\u00f0sto\u00f0 vi\u00f0 samningu bla\u00f0agreina.<\/p><p>Samning fr\u00e9tta fyrir heimas\u00ed\u00f0ur og innsl\u00f6g (f\u00e6rslur) \u00e1 samf\u00e9lagsmi\u00f0la vi\u00f0skiptavina.<\/p>\t\t\t\t\t\t\t\t<\/div>\n\t\t\t\t<div class=\"elementor-element elementor-element-a27b0a0 elementor-widget elementor-widget-text-editor\" data-id=\"a27b0a0\" data-element_type=\"widget\" data-widget_type=\"text-editor.default\">\n\t\t\t\t\t\t\t\t\t<h3><strong>Samstarf<\/strong><\/h3><p>Samstarf vi\u00f0 erlend PR fyrirt\u00e6ki vegna verkefna sem snerta \u00cdsland.<\/p>\t\t\t\t\t\t\t\t<\/div>\n\t\t\t\t<\/div>\n\t\t\t\t\t<\/div>\n\t\t\t\t<\/div>\n\t\t<div class=\"elementor-element elementor-element-cf8fc94 e-flex e-con-boxed e-con e-parent\" data-id=\"cf8fc94\" data-element_type=\"container\" data-settings=\"{&quot;background_background&quot;:&quot;classic&quot;}\">\n\t\t\t\t\t<div class=\"e-con-inner\">\n\t\t\t\t<div class=\"elementor-element elementor-element-f7ca491 elementor-widget elementor-widget-text-editor\" data-id=\"f7ca491\" data-element_type=\"widget\" data-widget_type=\"text-editor.default\">\n\t\t\t\t\t\t\t\t\t<p>Skarfav\u00edk ehf.\u00a0<\/p><p>S\u00edmi 897 9878<br \/>Bolli@skarfavik.is<\/p><p>Kt. 551009-2030<\/p>\t\t\t\t\t\t\t\t<\/div>\n\t\t\t\t\t<\/div>\n\t\t\t\t<\/div>\n\t\t<div class=\"elementor-element elementor-element-105badd e-flex e-con-boxed e-con e-parent\" data-id=\"105badd\" data-element_type=\"container\">\n\t\t\t\t\t<div class=\"e-con-inner\">\n\t\t\t\t\t<\/div>\n\t\t\t\t<\/div>\n\t\t\t\t<\/div>\n\t\t","protected":false},"excerpt":{"rendered":"<p>Bolli Valgar\u00f0sson hefur starfa\u00f0 vi\u00f0 almannatengsl og uppl\u00fdsingar\u00e1\u00f0gj\u00f6f \u00ed n\u00e1lega \u00ferj\u00e1 \u00e1ratugi, lengst af hj\u00e1 KOM \u2013 kynningu og marka\u00f0i, \u00fear sem hann h\u00f3f st\u00f6rf me\u00f0 J\u00f3ni H\u00e1koni Magn\u00fassyni eiganda f\u00e9lagsins \u00ed jan\u00faarbyrjun 1992 a\u00f0 loknu n\u00e1mi vi\u00f0 H\u00cd. Bolli h\u00f3f rekstur Skarfav\u00edkur &#8211; almannatengsla og r\u00e1\u00f0gjafar \u00ed septemberbyrjun 2025. \u00dej\u00f3nusta Hagsmunag\u00e6sla Hagsmunag\u00e6sla me\u00f0 v\u00f6ktun [&hellip;]<\/p>\n","protected":false},"author":1,"featured_media":119,"parent":0,"menu_order":0,"comment_status":"closed","ping_status":"closed","template":"elementor_canvas","meta":{"footnotes":""},"class_list":["post-36","page","type-page","status-publish","has-post-thumbnail","hentry"],"_links":{"self":[{"href":"https:\/\/skarfavik.is\/index.php?rest_route=\/wp\/v2\/pages\/36","targetHints":{"allow":["GET"]}}],"collection":[{"href":"https:\/\/skarfavik.is\/index.php?rest_route=\/wp\/v2\/pages"}],"about":[{"href":"https:\/\/skarfavik.is\/index.php?rest_route=\/wp\/v2\/types\/page"}],"author":[{"embeddable":true,"href":"https:\/\/skarfavik.is\/index.php?rest_route=\/wp\/v2\/users\/1"}],"replies":[{"embeddable":true,"href":"https:\/\/skarfavik.is\/index.php?rest_route=%2Fwp%2Fv2%2Fcomments&post=36"}],"version-history":[{"count":70,"href":"https:\/\/skarfavik.is\/index.php?rest_route=\/wp\/v2\/pages\/36\/revisions"}],"predecessor-version":[{"id":118,"href":"https:\/\/skarfavik.is\/index.php?rest_route=\/wp\/v2\/pages\/36\/revisions\/118"}],"wp:featuredmedia":[{"embeddable":true,"href":"https:\/\/skarfavik.is\/index.php?rest_route=\/wp\/v2\/media\/119"}],"wp:attachment":[{"href":"https:\/\/skarfavik.is\/index.php?rest_route=%2Fwp%2Fv2%2Fmedia&parent=36"}],"curies":[{"name":"wp","href":"https:\/\/api.w.org\/{rel}","templated":true}]}}